{"id":26,"date":"2021-05-25T22:22:40","date_gmt":"2021-05-25T20:22:40","guid":{"rendered":"http:\/\/disegnamy.com\/?page_id=26"},"modified":"2026-01-01T19:06:36","modified_gmt":"2026-01-01T18:06:36","slug":"homepage","status":"publish","type":"page","link":"https:\/\/disegnamy.com\/","title":{"rendered":""},"content":{"rendered":"\t\t<div data-elementor-type=\"wp-page\" data-elementor-id=\"26\" class=\"elementor elementor-26\">\n\t\t\t\t\t\t<section class=\"elementor-section elementor-top-section elementor-element elementor-element-046c5b7 elementor-section-boxed elementor-section-height-default elementor-section-height-default\" data-id=\"046c5b7\" data-element_type=\"section\">\n\t\t\t\t\t\t<div class=\"elementor-container elementor-column-gap-default\">\n\t\t\t\t\t<div class=\"elementor-column elementor-col-100 elementor-top-column elementor-element elementor-element-18baabf\" data-id=\"18baabf\" data-element_type=\"column\">\n\t\t\t<div class=\"elementor-widget-wrap elementor-element-populated\">\n\t\t\t\t\t\t<div class=\"elementor-element elementor-element-6ecc585 elementor-button-info elementor-align-center elementor-widget elementor-widget-button\" data-id=\"6ecc585\" data-element_type=\"widget\" data-widget_type=\"button.default\">\n\t\t\t\t<div class=\"elementor-widget-container\">\n\t\t\t\t\t\t\t\t\t<div class=\"elementor-button-wrapper\">\n\t\t\t\t\t<a class=\"elementor-button elementor-button-link elementor-size-sm\" href=\"https:\/\/disegnamy.com\/index.php\/blog\/\">\n\t\t\t\t\t\t<span class=\"elementor-button-content-wrapper\">\n\t\t\t\t\t\t\t\t\t<span class=\"elementor-button-text\">seguimi sul blog<\/span>\n\t\t\t\t\t<\/span>\n\t\t\t\t\t<\/a>\n\t\t\t\t<\/div>\n\t\t\t\t\t\t\t\t<\/div>\n\t\t\t\t<\/div>\n\t\t\t\t\t<\/div>\n\t\t<\/div>\n\t\t\t\t\t<\/div>\n\t\t<\/section>\n\t\t\t\t<section class=\"elementor-section elementor-top-section elementor-element elementor-element-3eef213f elementor-section-boxed elementor-section-height-default elementor-section-height-default\" data-id=\"3eef213f\" data-element_type=\"section\">\n\t\t\t\t\t\t<div class=\"elementor-container elementor-column-gap-default\">\n\t\t\t\t\t<div class=\"elementor-column elementor-col-100 elementor-top-column elementor-element elementor-element-2db136b5\" data-id=\"2db136b5\" data-element_type=\"column\">\n\t\t\t<div class=\"elementor-widget-wrap elementor-element-populated\">\n\t\t\t\t\t\t<div class=\"elementor-element elementor-element-75a2fe95 elementor-widget elementor-widget-text-editor\" data-id=\"75a2fe95\" data-element_type=\"widget\" data-widget_type=\"text-editor.default\">\n\t\t\t\t<div class=\"elementor-widget-container\">\n\t\t\t\t\t\t\t\t\t<blockquote>\n<p class=\"has-text-align-center\" style=\"text-align: center;\"><span style=\"color: #808080;\"><strong><span class=\"has-inline-color\">Se l&#8217;opera \u00e8 la manifestazione materiale, l&#8217;arte \u00e8 la dimensione spirituale dalla quale essa prende la sua forma. <\/span><\/strong><\/span><\/p>\n<p class=\"has-text-align-center\" style=\"text-align: center;\"><span style=\"color: #808080;\"><strong><span class=\"has-inline-color\">Ogni opera d&#8217;arte racchiude in s\u00e9 una sostanza eterea capace di aprire alla visione dell&#8217;Oltre, che ci inonda di quella Bellezza immanente che \u00e8 l&#8217;alimento dell&#8217;anima.<\/span><\/strong><\/span><\/p>\n<p class=\"has-text-align-center\" style=\"text-align: center;\"><span style=\"color: #808080;\"><strong><span class=\"has-inline-color\">O<\/span><\/strong><\/span><span style=\"color: #808080;\"><strong><span class=\"has-inline-color\">gni opera \u00e8 un varco verso una dimensione assoluta e ancestrale, dove la Bellezza non si ammira, si attraversa, per lasciarsi trasformare.<\/span><\/strong><\/span><\/p>\n<p class=\"has-text-align-center\" style=\"text-align: center;\"><span style=\"color: #808080;\"><strong><em><span class=\"has-inline-color\">Damiana Scandamarro<\/span><\/em><\/strong><\/span><\/p>\n<\/blockquote>\n<p><!-- \/wp:paragraph --><!-- wp:paragraph --><\/p>\n<p><!-- \/wp:paragraph --><\/p>\t\t\t\t\t\t\t\t<\/div>\n\t\t\t\t<\/div>\n\t\t\t\t\t<\/div>\n\t\t<\/div>\n\t\t\t\t\t<\/div>\n\t\t<\/section>\n\t\t\t\t<\/div>\n\t\t","protected":false},"excerpt":{"rendered":"<p>seguimi sul blog Se l&#8217;opera \u00e8 la manifestazione materiale, l&#8217;arte \u00e8 la dimensione spirituale dalla quale essa prende la sua forma. Ogni opera d&#8217;arte racchiude in s\u00e9 una sostanza eterea capace di aprire alla visione dell&#8217;Oltre, che ci inonda di quella Bellezza immanente che \u00e8 l&#8217;alimento dell&#8217;anima. Ogni opera \u00e8 un varco verso una dimensione &hellip; <\/p>\n<p class=\"link-more\"><a href=\"https:\/\/disegnamy.com\/\" class=\"more-link\">Leggi tutto<span class=\"screen-reader-text\"> &#8220;&#8221;<\/span><\/a><\/p>\n","protected":false},"author":1,"featured_media":0,"parent":0,"menu_order":0,"comment_status":"closed","ping_status":"closed","template":"","meta":{"_glsr_average":0,"_glsr_ranking":0,"_glsr_reviews":0,"footnotes":""},"class_list":["post-26","page","type-page","status-publish","hentry"],"yoast_head":"<!-- This site is optimized with the Yoast SEO plugin v27.4 - https:\/\/yoast.com\/product\/yoast-seo-wordpress\/ -->\n<title>- Disegnamy<\/title>\n<meta name=\"robots\" content=\"index, follow, max-snippet:-1, max-image-preview:large, max-video-preview:-1\" \/>\n<link rel=\"canonical\" href=\"https:\/\/disegnamy.com\/\" \/>\n<meta property=\"og:locale\" content=\"it_IT\" \/>\n<meta property=\"og:type\" content=\"article\" \/>\n<meta property=\"og:title\" content=\"- Disegnamy\" \/>\n<meta property=\"og:description\" content=\"seguimi sul blog Se l&#8217;opera \u00e8 la manifestazione materiale, l&#8217;arte \u00e8 la dimensione spirituale dalla quale essa prende la sua forma. Ogni opera d&#8217;arte racchiude in s\u00e9 una sostanza eterea capace di aprire alla visione dell&#8217;Oltre, che ci inonda di quella Bellezza immanente che \u00e8 l&#8217;alimento dell&#8217;anima. Ogni opera \u00e8 un varco verso una dimensione &hellip; Leggi tutto &quot;&quot;\" \/>\n<meta property=\"og:url\" content=\"https:\/\/disegnamy.com\/\" \/>\n<meta property=\"og:site_name\" content=\"Disegnamy\" \/>\n<meta property=\"article:modified_time\" content=\"2026-01-01T18:06:36+00:00\" \/>\n<meta name=\"twitter:card\" content=\"summary_large_image\" \/>\n<meta name=\"twitter:label1\" content=\"Tempo di lettura stimato\" \/>\n\t<meta name=\"twitter:data1\" content=\"1 minuto\" \/>\n<script type=\"application\/ld+json\" class=\"yoast-schema-graph\">{\"@context\":\"https:\\\/\\\/schema.org\",\"@graph\":[{\"@type\":\"WebPage\",\"@id\":\"https:\\\/\\\/disegnamy.com\\\/\",\"url\":\"https:\\\/\\\/disegnamy.com\\\/\",\"name\":\"- Disegnamy\",\"isPartOf\":{\"@id\":\"https:\\\/\\\/disegnamy.com\\\/#website\"},\"datePublished\":\"2021-05-25T20:22:40+00:00\",\"dateModified\":\"2026-01-01T18:06:36+00:00\",\"inLanguage\":\"it-IT\",\"potentialAction\":[{\"@type\":\"ReadAction\",\"target\":[\"https:\\\/\\\/disegnamy.com\\\/\"]}]},{\"@type\":\"WebSite\",\"@id\":\"https:\\\/\\\/disegnamy.com\\\/#website\",\"url\":\"https:\\\/\\\/disegnamy.com\\\/\",\"name\":\"Disegnamy\",\"description\":\"segno di Damy\",\"publisher\":{\"@id\":\"https:\\\/\\\/disegnamy.com\\\/#\\\/schema\\\/person\\\/cfbda44cae47004b76a8d098d2e1f3be\"},\"potentialAction\":[{\"@type\":\"SearchAction\",\"target\":{\"@type\":\"EntryPoint\",\"urlTemplate\":\"https:\\\/\\\/disegnamy.com\\\/?s={search_term_string}\"},\"query-input\":{\"@type\":\"PropertyValueSpecification\",\"valueRequired\":true,\"valueName\":\"search_term_string\"}}],\"inLanguage\":\"it-IT\"},{\"@type\":[\"Person\",\"Organization\"],\"@id\":\"https:\\\/\\\/disegnamy.com\\\/#\\\/schema\\\/person\\\/cfbda44cae47004b76a8d098d2e1f3be\",\"name\":\"Damiana\",\"image\":{\"@type\":\"ImageObject\",\"inLanguage\":\"it-IT\",\"@id\":\"https:\\\/\\\/disegnamy.com\\\/wp-content\\\/uploads\\\/2022\\\/10\\\/20221004_085150_0001.png\",\"url\":\"https:\\\/\\\/disegnamy.com\\\/wp-content\\\/uploads\\\/2022\\\/10\\\/20221004_085150_0001.png\",\"contentUrl\":\"https:\\\/\\\/disegnamy.com\\\/wp-content\\\/uploads\\\/2022\\\/10\\\/20221004_085150_0001.png\",\"width\":500,\"height\":500,\"caption\":\"Damiana\"},\"logo\":{\"@id\":\"https:\\\/\\\/disegnamy.com\\\/wp-content\\\/uploads\\\/2022\\\/10\\\/20221004_085150_0001.png\"},\"sameAs\":[\"http:\\\/\\\/disegnamy.com\"]}]}<\/script>\n<!-- \/ Yoast SEO plugin. -->","yoast_head_json":{"title":"- Disegnamy","robots":{"index":"index","follow":"follow","max-snippet":"max-snippet:-1","max-image-preview":"max-image-preview:large","max-video-preview":"max-video-preview:-1"},"canonical":"https:\/\/disegnamy.com\/","og_locale":"it_IT","og_type":"article","og_title":"- Disegnamy","og_description":"seguimi sul blog Se l&#8217;opera \u00e8 la manifestazione materiale, l&#8217;arte \u00e8 la dimensione spirituale dalla quale essa prende la sua forma. Ogni opera d&#8217;arte racchiude in s\u00e9 una sostanza eterea capace di aprire alla visione dell&#8217;Oltre, che ci inonda di quella Bellezza immanente che \u00e8 l&#8217;alimento dell&#8217;anima. Ogni opera \u00e8 un varco verso una dimensione &hellip; Leggi tutto \"\"","og_url":"https:\/\/disegnamy.com\/","og_site_name":"Disegnamy","article_modified_time":"2026-01-01T18:06:36+00:00","twitter_card":"summary_large_image","twitter_misc":{"Tempo di lettura stimato":"1 minuto"},"schema":{"@context":"https:\/\/schema.org","@graph":[{"@type":"WebPage","@id":"https:\/\/disegnamy.com\/","url":"https:\/\/disegnamy.com\/","name":"- Disegnamy","isPartOf":{"@id":"https:\/\/disegnamy.com\/#website"},"datePublished":"2021-05-25T20:22:40+00:00","dateModified":"2026-01-01T18:06:36+00:00","inLanguage":"it-IT","potentialAction":[{"@type":"ReadAction","target":["https:\/\/disegnamy.com\/"]}]},{"@type":"WebSite","@id":"https:\/\/disegnamy.com\/#website","url":"https:\/\/disegnamy.com\/","name":"Disegnamy","description":"segno di Damy","publisher":{"@id":"https:\/\/disegnamy.com\/#\/schema\/person\/cfbda44cae47004b76a8d098d2e1f3be"},"potentialAction":[{"@type":"SearchAction","target":{"@type":"EntryPoint","urlTemplate":"https:\/\/disegnamy.com\/?s={search_term_string}"},"query-input":{"@type":"PropertyValueSpecification","valueRequired":true,"valueName":"search_term_string"}}],"inLanguage":"it-IT"},{"@type":["Person","Organization"],"@id":"https:\/\/disegnamy.com\/#\/schema\/person\/cfbda44cae47004b76a8d098d2e1f3be","name":"Damiana","image":{"@type":"ImageObject","inLanguage":"it-IT","@id":"https:\/\/disegnamy.com\/wp-content\/uploads\/2022\/10\/20221004_085150_0001.png","url":"https:\/\/disegnamy.com\/wp-content\/uploads\/2022\/10\/20221004_085150_0001.png","contentUrl":"https:\/\/disegnamy.com\/wp-content\/uploads\/2022\/10\/20221004_085150_0001.png","width":500,"height":500,"caption":"Damiana"},"logo":{"@id":"https:\/\/disegnamy.com\/wp-content\/uploads\/2022\/10\/20221004_085150_0001.png"},"sameAs":["http:\/\/disegnamy.com"]}]}},"_links":{"self":[{"href":"https:\/\/disegnamy.com\/index.php\/wp-json\/wp\/v2\/pages\/26","targetHints":{"allow":["GET"]}}],"collection":[{"href":"https:\/\/disegnamy.com\/index.php\/wp-json\/wp\/v2\/pages"}],"about":[{"href":"https:\/\/disegnamy.com\/index.php\/wp-json\/wp\/v2\/types\/page"}],"author":[{"embeddable":true,"href":"https:\/\/disegnamy.com\/index.php\/wp-json\/wp\/v2\/users\/1"}],"replies":[{"embeddable":true,"href":"https:\/\/disegnamy.com\/index.php\/wp-json\/wp\/v2\/comments?post=26"}],"version-history":[{"count":47,"href":"https:\/\/disegnamy.com\/index.php\/wp-json\/wp\/v2\/pages\/26\/revisions"}],"predecessor-version":[{"id":2996,"href":"https:\/\/disegnamy.com\/index.php\/wp-json\/wp\/v2\/pages\/26\/revisions\/2996"}],"wp:attachment":[{"href":"https:\/\/disegnamy.com\/index.php\/wp-json\/wp\/v2\/media?parent=26"}],"curies":[{"name":"wp","href":"https:\/\/api.w.org\/{rel}","templated":true}]}}