{"id":2365,"date":"2025-02-13T10:50:34","date_gmt":"2025-02-13T09:50:34","guid":{"rendered":"https:\/\/disegnamy.com\/?page_id=2365"},"modified":"2025-05-13T12:14:43","modified_gmt":"2025-05-13T10:14:43","slug":"il-rosso-dellarte","status":"publish","type":"page","link":"https:\/\/disegnamy.com\/index.php\/il-rosso-dellarte\/","title":{"rendered":"il rosso dell&#8217;arte"},"content":{"rendered":"\t\t<div data-elementor-type=\"wp-page\" data-elementor-id=\"2365\" class=\"elementor elementor-2365\">\n\t\t\t\t\t\t<section class=\"elementor-section elementor-top-section elementor-element elementor-element-14e4755 elementor-section-boxed elementor-section-height-default elementor-section-height-default\" data-id=\"14e4755\" data-element_type=\"section\">\n\t\t\t\t\t\t<div class=\"elementor-container elementor-column-gap-default\">\n\t\t\t\t\t<div class=\"elementor-column elementor-col-100 elementor-top-column elementor-element elementor-element-e299017\" data-id=\"e299017\" data-element_type=\"column\">\n\t\t\t<div class=\"elementor-widget-wrap elementor-element-populated\">\n\t\t\t\t\t\t<div class=\"elementor-element elementor-element-7b273587 elementor-widget elementor-widget-text-editor\" data-id=\"7b273587\" data-element_type=\"widget\" data-widget_type=\"text-editor.default\">\n\t\t\t\t<div class=\"elementor-widget-container\">\n\t\t\t\t\t\t\t\t\t\n<p>\u00a0<\/p>\n<div style=\"width: 640px;\" class=\"wp-video\"><video muted class=\"wp-video-shortcode\" id=\"video-2365-1\" width=\"640\" height=\"360\" loop autoplay preload=\"metadata\" controls=\"controls\"><source type=\"video\/mp4\" src=\"https:\/\/disegnamy.com\/wp-content\/uploads\/2025\/03\/DAMIANA-SCANDAMARRO_20250311_155937_0002.mp4?_=1\" \/><source type=\"video\/mp4\" src=\"https:\/\/disegnamy.com\/wp-content\/uploads\/2025\/03\/DAMIANA-SCANDAMARRO_20250311_155937_0002.mp4?_=1\" \/><source type=\"video\/mp4\" src=\"https:\/\/disegnamy.com\/wp-content\/uploads\/2025\/03\/DAMIANA-SCANDAMARRO_20250311_155937_0002.mp4?_=1\" \/><a href=\"https:\/\/disegnamy.com\/wp-content\/uploads\/2025\/03\/DAMIANA-SCANDAMARRO_20250311_155937_0002.mp4\">https:\/\/disegnamy.com\/wp-content\/uploads\/2025\/03\/DAMIANA-SCANDAMARRO_20250311_155937_0002.mp4<\/a><\/video><\/div>\n<figure><img decoding=\"async\" src=\"https:\/\/disegnamy.com\/wp-content\/uploads\/2025\/02\/20250213_113338-scaled.jpg\" alt=\"20250213_113338\" \/>\n<figcaption>\n<p>In linea con l&#8217;evolversi del mio sentire interiore, in seguito ad un periodo di sperimentazione, nasce l&#8217;idea di una serie di opere dedicata alla ricerca dell&#8217;Oltre, con lo sguardo rivolto verso l&#8217;infinito.titolo e filo conduttore :<strong>&#8220;Il rosso dell&#8217;arte&#8221;<\/strong>Accanto al realismo e al dettaglio del ritratto a pastello, dopo aver appreso, un&#8217;opera dopo l&#8217;altra, il gioco della luce sulla materia e il suo declinarsi in forme e colori, approdo oggi ad un nuovo personalissimo percorso.L&#8217;attenzione viene posta completamente sul chiaroscuro, intreccio della luce e dell&#8217;ombra. La luce viene rappresentata attraverso l&#8217;acrilico dorato, con la sua gamma di riflessi cangianti che donano all&#8217;opera movimento e carattere, l&#8217;ombra viene resa utilizzando il rosso puro con la sua forza dirompente. Per sottolineare i volumi mi viene in aiuto un bianco caldo che si armonizza con le tinte scelte.I soggetti riguardano il viaggio dell&#8217;anima, rappresentata archetipicamente dal femminile, e il suo rapporto con il divino.<\/p>\n<\/figcaption>\n<\/figure>\n<p>La ricerca interiore parte da una zona d&#8217;ombra, inizia quando siamo consapevoli di non riuscire a vedere, ma le ombre sono pi\u00f9 scure proprio quando la luce \u00e8 pi\u00f9 intensa.<\/p>\n<p>In quest&#8217;opera il forte contrasto tra luce e ombra vuole mettere in risalto un volto senza vista, gi\u00e0 illuminato ma ancora inconsapevole, basta un passo, un solo passo in avanti e quella luce colpir\u00e0 anche gli occhi.<\/p>\n<p><em>&#8220;L&#8217;ombra della luce&#8221;<\/em><\/p>\n<p><em>acrilico su tela 50&#215;70 cm.<\/em><\/p>\n<p><a href=\"https:\/\/disegnamy.com\/wp-content\/uploads\/2025\/03\/20250303_215442-scaled.jpg\" target=\"_self\"> <img fetchpriority=\"high\" decoding=\"async\" title=\"L'ombra della luce\" src=\"https:\/\/disegnamy.com\/wp-content\/uploads\/2025\/03\/20250303_215442-scaled.jpg\" alt=\"L'ombra della luce\" width=\"1829\" height=\"2560\" \/> <\/a><\/p>\n<p>Nel percorso spirituale dell&#8217;anima, quest&#8217;opera rappresenta il momento dell&#8217;attesa, quello che precede la presa di consapevolezza, in cui l&#8217;anima non vede, ma si affida.<\/p>\n<p>Una pioggia di luce la avvolge, ma \u00e8 una luce ancora completamente esteriore che deve essere riconosciuta ed interiorizzata.<\/p>\n<p><em>&#8220;L&#8217;attesa&#8221;<\/em><\/p>\n<p><em>acrilico su tela 50&#215;70 cm.<\/em><\/p>\n<p><a href=\"https:\/\/disegnamy.com\/wp-content\/uploads\/2025\/03\/20250227_154705-1-scaled.jpg\" target=\"_self\"> <img decoding=\"async\" title=\"L'attesa\" src=\"https:\/\/disegnamy.com\/wp-content\/uploads\/2025\/03\/20250227_154705-1-scaled.jpg\" alt=\"L'attesa\" width=\"1797\" height=\"2560\" \/> <\/a><\/p>\n<p>Quest&#8217;opera rappresenta il momento dell&#8217;introspezione che avviene quando si cerca la luce all&#8217;interno di s\u00e9 stessi, nell&#8217;osservazione consapevole della propria interiorit\u00e0 come manifestazione del divino.<\/p>\n<p>La tela si trasforma in uno specchio, l&#8217;immagine \u00e8 eterea, appare in movimento, l&#8217;osservatore \u00e8 invitato a specchiarsi, a riconoscersi, come anima in cammino.<\/p>\n<p><em>&#8220;Attraverso lo specchio&#8221;<\/em><\/p>\n<p><em>acrilico su tela 50&#215;70 cm<\/em><\/p>\n<p><a href=\"https:\/\/disegnamy.com\/wp-content\/uploads\/2025\/02\/20250228_155631-scaled.jpg\" target=\"_self\"> <img decoding=\"async\" title=\"Attraverso lo specchio\" src=\"https:\/\/disegnamy.com\/wp-content\/uploads\/2025\/02\/20250228_155631-scaled.jpg\" alt=\"Attraverso lo specchio\" width=\"1811\" height=\"2560\" \/> <\/a><\/p>\n<p>L&#8217;opera descrive un passo fondamentale nel cammino di consapevolezza, l&#8217;anima \u00e8 intensamente attratta dalla luce e, in una condizione di semicoscienza, percepisce di avere gi\u00e0 conosciuto all&#8217;alba della vita, quell&#8217;energia benefica e immanente, comprende di essere al centro di un progetto immenso di perfezione e di essere stata coinvolta fin dal primo respiro di vita, da quello sguardo di soprannaturale e avvolgente amore.<\/p>\n<p>In questa fase del cammino, lo spirito sperimenta una profonda nostalgia, si ricongiunge alla sua parte primigenia e infantile, osserva alla luce intima del cuore che, non a caso nella tonalit\u00e0 del rosso, permea tutta la collezione. l suo vero volto, quello ricevuto alla nascita, accetta le ferite subite, le cura e le ama, perch\u00e9 scopre di essere amato, scendono le lacrime, l&#8217;anima, ritrova l&#8217;abbraccio originario.<\/p>\n<p><em>&#8220;Nostalgia&#8221;<\/em><\/p>\n<p><em>acrilico su tela 50&#215;70 cm.<\/em><\/p>\n<p><a href=\"https:\/\/disegnamy.com\/wp-content\/uploads\/2025\/03\/20250317_140049-scaled.jpg\" target=\"_self\"> <img loading=\"lazy\" decoding=\"async\" title=\"Nostalgia\" src=\"https:\/\/disegnamy.com\/wp-content\/uploads\/2025\/03\/20250317_140049-scaled.jpg\" alt=\"Nostalgia\" width=\"2560\" height=\"1842\" \/> <\/a><\/p>\n<p>Dipinto dedicato al momento mistico del risveglio spirituale, del passaggio dal sonno alla veglia, che richiama concettualmente il passaggio dal buio alla luce.<\/p>\n<p>Il buio, vuoto di coscienza, nel quale la luce pu\u00f2 manifestarsi comunicando s\u00e9 stessa attraverso la trascendenza dell&#8217;oro.<\/p>\n<p>In quest&#8217;opera la luce non \u00e8 pi\u00f9 soltanto esterna ma \u00e8 stata in parte assimilata, il soggetto sembra emanare dall&#8217;interno una propria luminosit\u00e0, frutto della presa di consapevolezza di appartenere al divino, di essere parte della luce.<\/p>\n<p><em>&#8220;Risveglio&#8221;<\/em><\/p>\n<p><em>acrilico su tela 50&#215;70 cm.<\/em><\/p>\n<p><a href=\"https:\/\/disegnamy.com\/wp-content\/uploads\/2025\/03\/20250228_161915-EDIT-2-scaled.jpg\" target=\"_self\"> <img loading=\"lazy\" decoding=\"async\" title=\"Risveglio\" src=\"https:\/\/disegnamy.com\/wp-content\/uploads\/2025\/03\/20250228_161915-EDIT-2-scaled.jpg\" alt=\"Risveglio\" width=\"1828\" height=\"2560\" \/> <\/a><\/p>\n<p>Quest&#8217;opera, volutamente di grandi dimensioni, rappresenta il punto pi\u00f9 alto del percorso spirituale, quando l&#8217;anima si raccoglie in se stessa per comunicare con il divino, per accoglierlo e portarlo nel mondo materiale.<\/p>\n<p>L&#8217;anima in preghiera diventa parte attiva dell&#8217;azione divina, richiama luce ed al contempo la emana.<\/p>\n<p>La preghiera universale \u00e8 vista come unione mistica spirituale tra l&#8217;anima e il divino, in grado di elevare il mondo.<\/p>\n<p><em>&#8220;Preghiera universale&#8221;<\/em><\/p>\n<p><em>acrilico su tela 100&#215;100 cm<\/em><\/p>\n<p style=\"text-align: center;\"><a href=\"https:\/\/disegnamy.com\/wp-content\/uploads\/2025\/03\/20250228_141018-1-scaled.jpg\" target=\"_self\"> <img loading=\"lazy\" decoding=\"async\" title=\"Preghiera universale\" src=\"https:\/\/disegnamy.com\/wp-content\/uploads\/2025\/03\/20250228_141018-1-scaled.jpg\" alt=\"Preghiera universale\" width=\"2528\" height=\"2560\" \/> <\/a><\/p>\n<p>\u00a0<\/p>\n<p style=\"text-align: center;\"><span style=\"color: #ba0606;\"><a style=\"color: #ba0606;\" href=\"https:\/\/youtu.be\/cn6bPYWAeR8\" target=\"_blank\" rel=\"noopener\">guarda il video su Youtube<\/a><\/span><\/p>\n<p>\u00a0<\/p>\n\t\t\t\t\t\t\t\t<\/div>\n\t\t\t\t<\/div>\n\t\t\t\t\t<\/div>\n\t\t<\/div>\n\t\t\t\t\t<\/div>\n\t\t<\/section>\n\t\t\t\t<section class=\"elementor-section elementor-top-section elementor-element elementor-element-7391946 elementor-section-boxed elementor-section-height-default elementor-section-height-default\" data-id=\"7391946\" data-element_type=\"section\">\n\t\t\t\t\t\t<div class=\"elementor-container elementor-column-gap-default\">\n\t\t\t\t\t<div class=\"elementor-column elementor-col-100 elementor-top-column elementor-element elementor-element-d7848df\" data-id=\"d7848df\" data-element_type=\"column\">\n\t\t\t<div class=\"elementor-widget-wrap elementor-element-populated\">\n\t\t\t\t\t\t<div class=\"elementor-element elementor-element-ba395fc elementor-widget elementor-widget-text-editor\" data-id=\"ba395fc\" data-element_type=\"widget\" data-widget_type=\"text-editor.default\">\n\t\t\t\t<div class=\"elementor-widget-container\">\n\t\t\t\t\t\t\t\t\t<p style=\"text-align: center;\"><span style=\"color: #ffffff;\">clicca sulla brochure per scaricarla<\/span><\/p>\t\t\t\t\t\t\t\t<\/div>\n\t\t\t\t<\/div>\n\t\t\t\t\t<\/div>\n\t\t<\/div>\n\t\t\t\t\t<\/div>\n\t\t<\/section>\n\t\t\t\t<section class=\"elementor-section elementor-top-section elementor-element elementor-element-27972bc elementor-section-boxed elementor-section-height-default elementor-section-height-default\" data-id=\"27972bc\" data-element_type=\"section\">\n\t\t\t\t\t\t<div class=\"elementor-container elementor-column-gap-default\">\n\t\t\t\t\t<div class=\"elementor-column elementor-col-100 elementor-top-column elementor-element elementor-element-059f718\" data-id=\"059f718\" data-element_type=\"column\">\n\t\t\t<div class=\"elementor-widget-wrap elementor-element-populated\">\n\t\t\t\t\t\t<section class=\"elementor-section elementor-inner-section elementor-element elementor-element-6d362fd elementor-section-boxed elementor-section-height-default elementor-section-height-default\" data-id=\"6d362fd\" data-element_type=\"section\">\n\t\t\t\t\t\t<div class=\"elementor-container elementor-column-gap-default\">\n\t\t\t\t\t<div class=\"elementor-column elementor-col-50 elementor-inner-column elementor-element elementor-element-357139b\" data-id=\"357139b\" data-element_type=\"column\">\n\t\t\t<div class=\"elementor-widget-wrap elementor-element-populated\">\n\t\t\t\t\t\t<div class=\"elementor-element elementor-element-217ca48 elementor-widget elementor-widget-image\" data-id=\"217ca48\" data-element_type=\"widget\" data-widget_type=\"image.default\">\n\t\t\t\t<div class=\"elementor-widget-container\">\n\t\t\t\t\t\t\t\t\t\t\t\t\t\t\t\t<a href=\"https:\/\/disegnamy.com\/wp-content\/uploads\/2025\/03\/1-1.png\" data-elementor-open-lightbox=\"yes\" data-elementor-lightbox-title=\"fronte brochure\" data-e-action-hash=\"#elementor-action%3Aaction%3Dlightbox%26settings%3DeyJpZCI6MjYxMSwidXJsIjoiaHR0cHM6XC9cL2Rpc2VnbmFteS5jb21cL3dwLWNvbnRlbnRcL3VwbG9hZHNcLzIwMjVcLzAzXC8xLTEucG5nIn0%3D\">\n\t\t\t\t\t\t\t<img loading=\"lazy\" decoding=\"async\" width=\"483\" height=\"1024\" src=\"https:\/\/disegnamy.com\/wp-content\/uploads\/2025\/03\/1-1-483x1024.png\" class=\"attachment-large size-large wp-image-2611\" alt=\"\" srcset=\"https:\/\/disegnamy.com\/wp-content\/uploads\/2025\/03\/1-1-483x1024.png 483w, https:\/\/disegnamy.com\/wp-content\/uploads\/2025\/03\/1-1-141x300.png 141w, https:\/\/disegnamy.com\/wp-content\/uploads\/2025\/03\/1-1-768x1629.png 768w, https:\/\/disegnamy.com\/wp-content\/uploads\/2025\/03\/1-1-724x1536.png 724w, https:\/\/disegnamy.com\/wp-content\/uploads\/2025\/03\/1-1.png 943w\" sizes=\"100vw\" \/>\t\t\t\t\t\t\t\t<\/a>\n\t\t\t\t\t\t\t\t\t\t\t\t\t\t\t<\/div>\n\t\t\t\t<\/div>\n\t\t\t\t\t<\/div>\n\t\t<\/div>\n\t\t\t\t<div class=\"elementor-column elementor-col-50 elementor-inner-column elementor-element elementor-element-4596ceb\" data-id=\"4596ceb\" data-element_type=\"column\">\n\t\t\t<div class=\"elementor-widget-wrap elementor-element-populated\">\n\t\t\t\t\t\t<div class=\"elementor-element elementor-element-e82d938 elementor-widget elementor-widget-image\" data-id=\"e82d938\" data-element_type=\"widget\" data-widget_type=\"image.default\">\n\t\t\t\t<div class=\"elementor-widget-container\">\n\t\t\t\t\t\t\t\t\t\t\t\t\t\t\t\t<a href=\"https:\/\/disegnamy.com\/wp-content\/uploads\/2025\/03\/2-1.png\" data-elementor-open-lightbox=\"yes\" data-elementor-lightbox-title=\"2\" data-e-action-hash=\"#elementor-action%3Aaction%3Dlightbox%26settings%3DeyJpZCI6MjYxMiwidXJsIjoiaHR0cHM6XC9cL2Rpc2VnbmFteS5jb21cL3dwLWNvbnRlbnRcL3VwbG9hZHNcLzIwMjVcLzAzXC8yLTEucG5nIn0%3D\">\n\t\t\t\t\t\t\t<img loading=\"lazy\" decoding=\"async\" width=\"483\" height=\"1024\" src=\"https:\/\/disegnamy.com\/wp-content\/uploads\/2025\/03\/2-1-483x1024.png\" class=\"attachment-large size-large wp-image-2612\" alt=\"\" srcset=\"https:\/\/disegnamy.com\/wp-content\/uploads\/2025\/03\/2-1-483x1024.png 483w, https:\/\/disegnamy.com\/wp-content\/uploads\/2025\/03\/2-1-141x300.png 141w, https:\/\/disegnamy.com\/wp-content\/uploads\/2025\/03\/2-1-768x1629.png 768w, https:\/\/disegnamy.com\/wp-content\/uploads\/2025\/03\/2-1-724x1536.png 724w, https:\/\/disegnamy.com\/wp-content\/uploads\/2025\/03\/2-1.png 943w\" sizes=\"100vw\" \/>\t\t\t\t\t\t\t\t<\/a>\n\t\t\t\t\t\t\t\t\t\t\t\t\t\t\t<\/div>\n\t\t\t\t<\/div>\n\t\t\t\t\t<\/div>\n\t\t<\/div>\n\t\t\t\t\t<\/div>\n\t\t<\/section>\n\t\t\t\t\t<\/div>\n\t\t<\/div>\n\t\t\t\t\t<\/div>\n\t\t<\/section>\n\t\t\t\t<\/div>\n\t\t","protected":false},"excerpt":{"rendered":"<p>\u00a0 In linea con l&#8217;evolversi del mio sentire interiore, in seguito ad un periodo di sperimentazione, nasce l&#8217;idea di una serie di opere dedicata alla ricerca dell&#8217;Oltre, con lo sguardo rivolto verso l&#8217;infinito.titolo e filo conduttore :&#8220;Il rosso dell&#8217;arte&#8221;Accanto al realismo e al dettaglio del ritratto a pastello, dopo aver appreso, un&#8217;opera dopo l&#8217;altra, il &hellip; <\/p>\n<p class=\"link-more\"><a href=\"https:\/\/disegnamy.com\/index.php\/il-rosso-dellarte\/\" class=\"more-link\">Leggi tutto<span class=\"screen-reader-text\"> &#8220;il rosso dell&#8217;arte&#8221;<\/span><\/a><\/p>\n","protected":false},"author":1,"featured_media":0,"parent":0,"menu_order":0,"comment_status":"closed","ping_status":"closed","template":"","meta":{"_glsr_average":0,"_glsr_ranking":0,"_glsr_reviews":0,"footnotes":""},"class_list":["post-2365","page","type-page","status-publish","hentry"],"yoast_head":"<!-- This site is optimized with the Yoast SEO plugin v27.4 - https:\/\/yoast.com\/product\/yoast-seo-wordpress\/ -->\n<title>il rosso dell&#039;arte - Disegnamy<\/title>\n<meta name=\"robots\" content=\"index, follow, max-snippet:-1, max-image-preview:large, max-video-preview:-1\" \/>\n<link rel=\"canonical\" href=\"https:\/\/disegnamy.com\/index.php\/il-rosso-dellarte\/\" \/>\n<meta property=\"og:locale\" content=\"it_IT\" \/>\n<meta property=\"og:type\" content=\"article\" \/>\n<meta property=\"og:title\" content=\"il rosso dell&#039;arte - Disegnamy\" \/>\n<meta property=\"og:description\" content=\"\u00a0 In linea con l&#8217;evolversi del mio sentire interiore, in seguito ad un periodo di sperimentazione, nasce l&#8217;idea di una serie di opere dedicata alla ricerca dell&#8217;Oltre, con lo sguardo rivolto verso l&#8217;infinito.titolo e filo conduttore :&#8220;Il rosso dell&#8217;arte&#8221;Accanto al realismo e al dettaglio del ritratto a pastello, dopo aver appreso, un&#8217;opera dopo l&#8217;altra, il &hellip; Leggi tutto &quot;il rosso dell&#8217;arte&quot;\" \/>\n<meta property=\"og:url\" content=\"https:\/\/disegnamy.com\/index.php\/il-rosso-dellarte\/\" \/>\n<meta property=\"og:site_name\" content=\"Disegnamy\" \/>\n<meta property=\"article:modified_time\" content=\"2025-05-13T10:14:43+00:00\" \/>\n<meta property=\"og:image\" content=\"https:\/\/disegnamy.com\/wp-content\/uploads\/2025\/02\/20250213_113338-scaled.jpg\" \/>\n<meta name=\"twitter:card\" content=\"summary_large_image\" \/>\n<meta name=\"twitter:label1\" content=\"Tempo di lettura stimato\" \/>\n\t<meta name=\"twitter:data1\" content=\"3 minuti\" \/>\n<script type=\"application\/ld+json\" class=\"yoast-schema-graph\">{\"@context\":\"https:\\\/\\\/schema.org\",\"@graph\":[{\"@type\":\"WebPage\",\"@id\":\"https:\\\/\\\/disegnamy.com\\\/index.php\\\/il-rosso-dellarte\\\/\",\"url\":\"https:\\\/\\\/disegnamy.com\\\/index.php\\\/il-rosso-dellarte\\\/\",\"name\":\"il rosso dell'arte - Disegnamy\",\"isPartOf\":{\"@id\":\"https:\\\/\\\/disegnamy.com\\\/#website\"},\"primaryImageOfPage\":{\"@id\":\"https:\\\/\\\/disegnamy.com\\\/index.php\\\/il-rosso-dellarte\\\/#primaryimage\"},\"image\":{\"@id\":\"https:\\\/\\\/disegnamy.com\\\/index.php\\\/il-rosso-dellarte\\\/#primaryimage\"},\"thumbnailUrl\":\"https:\\\/\\\/disegnamy.com\\\/wp-content\\\/uploads\\\/2025\\\/02\\\/20250213_113338-scaled.jpg\",\"datePublished\":\"2025-02-13T09:50:34+00:00\",\"dateModified\":\"2025-05-13T10:14:43+00:00\",\"breadcrumb\":{\"@id\":\"https:\\\/\\\/disegnamy.com\\\/index.php\\\/il-rosso-dellarte\\\/#breadcrumb\"},\"inLanguage\":\"it-IT\",\"potentialAction\":[{\"@type\":\"ReadAction\",\"target\":[\"https:\\\/\\\/disegnamy.com\\\/index.php\\\/il-rosso-dellarte\\\/\"]}]},{\"@type\":\"ImageObject\",\"inLanguage\":\"it-IT\",\"@id\":\"https:\\\/\\\/disegnamy.com\\\/index.php\\\/il-rosso-dellarte\\\/#primaryimage\",\"url\":\"https:\\\/\\\/disegnamy.com\\\/wp-content\\\/uploads\\\/2025\\\/02\\\/20250213_113338-scaled.jpg\",\"contentUrl\":\"https:\\\/\\\/disegnamy.com\\\/wp-content\\\/uploads\\\/2025\\\/02\\\/20250213_113338-scaled.jpg\",\"width\":2560,\"height\":1838},{\"@type\":\"BreadcrumbList\",\"@id\":\"https:\\\/\\\/disegnamy.com\\\/index.php\\\/il-rosso-dellarte\\\/#breadcrumb\",\"itemListElement\":[{\"@type\":\"ListItem\",\"position\":1,\"name\":\"Home\",\"item\":\"https:\\\/\\\/disegnamy.com\\\/\"},{\"@type\":\"ListItem\",\"position\":2,\"name\":\"il rosso dell&#8217;arte\"}]},{\"@type\":\"WebSite\",\"@id\":\"https:\\\/\\\/disegnamy.com\\\/#website\",\"url\":\"https:\\\/\\\/disegnamy.com\\\/\",\"name\":\"Disegnamy\",\"description\":\"segno di Damy\",\"publisher\":{\"@id\":\"https:\\\/\\\/disegnamy.com\\\/#\\\/schema\\\/person\\\/cfbda44cae47004b76a8d098d2e1f3be\"},\"potentialAction\":[{\"@type\":\"SearchAction\",\"target\":{\"@type\":\"EntryPoint\",\"urlTemplate\":\"https:\\\/\\\/disegnamy.com\\\/?s={search_term_string}\"},\"query-input\":{\"@type\":\"PropertyValueSpecification\",\"valueRequired\":true,\"valueName\":\"search_term_string\"}}],\"inLanguage\":\"it-IT\"},{\"@type\":[\"Person\",\"Organization\"],\"@id\":\"https:\\\/\\\/disegnamy.com\\\/#\\\/schema\\\/person\\\/cfbda44cae47004b76a8d098d2e1f3be\",\"name\":\"Damiana\",\"image\":{\"@type\":\"ImageObject\",\"inLanguage\":\"it-IT\",\"@id\":\"https:\\\/\\\/disegnamy.com\\\/wp-content\\\/uploads\\\/2022\\\/10\\\/20221004_085150_0001.png\",\"url\":\"https:\\\/\\\/disegnamy.com\\\/wp-content\\\/uploads\\\/2022\\\/10\\\/20221004_085150_0001.png\",\"contentUrl\":\"https:\\\/\\\/disegnamy.com\\\/wp-content\\\/uploads\\\/2022\\\/10\\\/20221004_085150_0001.png\",\"width\":500,\"height\":500,\"caption\":\"Damiana\"},\"logo\":{\"@id\":\"https:\\\/\\\/disegnamy.com\\\/wp-content\\\/uploads\\\/2022\\\/10\\\/20221004_085150_0001.png\"},\"sameAs\":[\"http:\\\/\\\/disegnamy.com\"]}]}<\/script>\n<!-- \/ Yoast SEO plugin. -->","yoast_head_json":{"title":"il rosso dell'arte - Disegnamy","robots":{"index":"index","follow":"follow","max-snippet":"max-snippet:-1","max-image-preview":"max-image-preview:large","max-video-preview":"max-video-preview:-1"},"canonical":"https:\/\/disegnamy.com\/index.php\/il-rosso-dellarte\/","og_locale":"it_IT","og_type":"article","og_title":"il rosso dell'arte - Disegnamy","og_description":"\u00a0 In linea con l&#8217;evolversi del mio sentire interiore, in seguito ad un periodo di sperimentazione, nasce l&#8217;idea di una serie di opere dedicata alla ricerca dell&#8217;Oltre, con lo sguardo rivolto verso l&#8217;infinito.titolo e filo conduttore :&#8220;Il rosso dell&#8217;arte&#8221;Accanto al realismo e al dettaglio del ritratto a pastello, dopo aver appreso, un&#8217;opera dopo l&#8217;altra, il &hellip; Leggi tutto \"il rosso dell&#8217;arte\"","og_url":"https:\/\/disegnamy.com\/index.php\/il-rosso-dellarte\/","og_site_name":"Disegnamy","article_modified_time":"2025-05-13T10:14:43+00:00","og_image":[{"url":"https:\/\/disegnamy.com\/wp-content\/uploads\/2025\/02\/20250213_113338-scaled.jpg","type":"","width":"","height":""}],"twitter_card":"summary_large_image","twitter_misc":{"Tempo di lettura stimato":"3 minuti"},"schema":{"@context":"https:\/\/schema.org","@graph":[{"@type":"WebPage","@id":"https:\/\/disegnamy.com\/index.php\/il-rosso-dellarte\/","url":"https:\/\/disegnamy.com\/index.php\/il-rosso-dellarte\/","name":"il rosso dell'arte - Disegnamy","isPartOf":{"@id":"https:\/\/disegnamy.com\/#website"},"primaryImageOfPage":{"@id":"https:\/\/disegnamy.com\/index.php\/il-rosso-dellarte\/#primaryimage"},"image":{"@id":"https:\/\/disegnamy.com\/index.php\/il-rosso-dellarte\/#primaryimage"},"thumbnailUrl":"https:\/\/disegnamy.com\/wp-content\/uploads\/2025\/02\/20250213_113338-scaled.jpg","datePublished":"2025-02-13T09:50:34+00:00","dateModified":"2025-05-13T10:14:43+00:00","breadcrumb":{"@id":"https:\/\/disegnamy.com\/index.php\/il-rosso-dellarte\/#breadcrumb"},"inLanguage":"it-IT","potentialAction":[{"@type":"ReadAction","target":["https:\/\/disegnamy.com\/index.php\/il-rosso-dellarte\/"]}]},{"@type":"ImageObject","inLanguage":"it-IT","@id":"https:\/\/disegnamy.com\/index.php\/il-rosso-dellarte\/#primaryimage","url":"https:\/\/disegnamy.com\/wp-content\/uploads\/2025\/02\/20250213_113338-scaled.jpg","contentUrl":"https:\/\/disegnamy.com\/wp-content\/uploads\/2025\/02\/20250213_113338-scaled.jpg","width":2560,"height":1838},{"@type":"BreadcrumbList","@id":"https:\/\/disegnamy.com\/index.php\/il-rosso-dellarte\/#breadcrumb","itemListElement":[{"@type":"ListItem","position":1,"name":"Home","item":"https:\/\/disegnamy.com\/"},{"@type":"ListItem","position":2,"name":"il rosso dell&#8217;arte"}]},{"@type":"WebSite","@id":"https:\/\/disegnamy.com\/#website","url":"https:\/\/disegnamy.com\/","name":"Disegnamy","description":"segno di Damy","publisher":{"@id":"https:\/\/disegnamy.com\/#\/schema\/person\/cfbda44cae47004b76a8d098d2e1f3be"},"potentialAction":[{"@type":"SearchAction","target":{"@type":"EntryPoint","urlTemplate":"https:\/\/disegnamy.com\/?s={search_term_string}"},"query-input":{"@type":"PropertyValueSpecification","valueRequired":true,"valueName":"search_term_string"}}],"inLanguage":"it-IT"},{"@type":["Person","Organization"],"@id":"https:\/\/disegnamy.com\/#\/schema\/person\/cfbda44cae47004b76a8d098d2e1f3be","name":"Damiana","image":{"@type":"ImageObject","inLanguage":"it-IT","@id":"https:\/\/disegnamy.com\/wp-content\/uploads\/2022\/10\/20221004_085150_0001.png","url":"https:\/\/disegnamy.com\/wp-content\/uploads\/2022\/10\/20221004_085150_0001.png","contentUrl":"https:\/\/disegnamy.com\/wp-content\/uploads\/2022\/10\/20221004_085150_0001.png","width":500,"height":500,"caption":"Damiana"},"logo":{"@id":"https:\/\/disegnamy.com\/wp-content\/uploads\/2022\/10\/20221004_085150_0001.png"},"sameAs":["http:\/\/disegnamy.com"]}]}},"_links":{"self":[{"href":"https:\/\/disegnamy.com\/index.php\/wp-json\/wp\/v2\/pages\/2365","targetHints":{"allow":["GET"]}}],"collection":[{"href":"https:\/\/disegnamy.com\/index.php\/wp-json\/wp\/v2\/pages"}],"about":[{"href":"https:\/\/disegnamy.com\/index.php\/wp-json\/wp\/v2\/types\/page"}],"author":[{"embeddable":true,"href":"https:\/\/disegnamy.com\/index.php\/wp-json\/wp\/v2\/users\/1"}],"replies":[{"embeddable":true,"href":"https:\/\/disegnamy.com\/index.php\/wp-json\/wp\/v2\/comments?post=2365"}],"version-history":[{"count":20,"href":"https:\/\/disegnamy.com\/index.php\/wp-json\/wp\/v2\/pages\/2365\/revisions"}],"predecessor-version":[{"id":2820,"href":"https:\/\/disegnamy.com\/index.php\/wp-json\/wp\/v2\/pages\/2365\/revisions\/2820"}],"wp:attachment":[{"href":"https:\/\/disegnamy.com\/index.php\/wp-json\/wp\/v2\/media?parent=2365"}],"curies":[{"name":"wp","href":"https:\/\/api.w.org\/{rel}","templated":true}]}}